{"id":8,"date":"2023-11-07T16:22:44","date_gmt":"2023-11-07T15:22:44","guid":{"rendered":"https:\/\/tribudelille.org\/celine-kebab\/panier\/"},"modified":"2023-11-16T11:49:17","modified_gmt":"2023-11-16T10:49:17","slug":"panier","status":"publish","type":"page","link":"https:\/\/tribudelille.org\/celine-kebab\/panier\/","title":{"rendered":"Panier"},"content":{"rendered":"<p>[et_pb_section fb_built=\u00a0\u00bb1&Prime; _builder_version=\u00a0\u00bb4.23&Prime; custom_padding=\u00a0\u00bb20px|||||\u00a0\u00bb global_colors_info=\u00a0\u00bb{}\u00a0\u00bb][et_pb_row _builder_version=\u00a0\u00bb4.23&Prime; background_size=\u00a0\u00bbinitial\u00a0\u00bb background_position=\u00a0\u00bbtop_left\u00a0\u00bb background_repeat=\u00a0\u00bbrepeat\u00a0\u00bb custom_padding=\u00a0\u00bb||5px|||\u00a0\u00bb global_colors_info=\u00a0\u00bb{}\u00a0\u00bb][et_pb_column type=\u00a0\u00bb4_4&Prime; _builder_version=\u00a0\u00bb4.16&Prime; custom_padding=\u00a0\u00bb|||\u00a0\u00bb global_colors_info=\u00a0\u00bb{}\u00a0\u00bb custom_padding__hover=\u00a0\u00bb|||\u00a0\u00bb][et_pb_text _builder_version=\u00a0\u00bb4.23&Prime; _module_preset=\u00a0\u00bbdefault\u00a0\u00bb text_font_size=\u00a0\u00bb20px\u00a0\u00bb text_line_height=\u00a0\u00bb1.2em\u00a0\u00bb width=\u00a0\u00bb80%\u00a0\u00bb module_alignment=\u00a0\u00bbcenter\u00a0\u00bb custom_margin=\u00a0\u00bb||15px|||\u00a0\u00bb text_font_size_tablet=\u00a0\u00bb20px\u00a0\u00bb text_font_size_phone=\u00a0\u00bb16px\u00a0\u00bb text_font_size_last_edited=\u00a0\u00bbon|phone\u00a0\u00bb global_colors_info=\u00a0\u00bb{}\u00a0\u00bb]<\/p>\n<h3 style=\"text-align: center;\">Informations importantes \u2757\ufe0f<\/h3>\n<ul>\n<li style=\"text-align: left;\"><b>Notre restaurant est <span style=\"text-decoration: underline;\">ouvert du lundi au dimanche de 11h30 \u00e0 00h00<\/span>. <span style=\"text-decoration: underline;\">Aucune commande ne pourra \u00eatre honor\u00e9 en dehors de ces horaires<\/span>.<\/b><\/li>\n<li style=\"text-align: left;\"><b>La livraison \u00e0 domicile s&rsquo;effectuera aupr\u00e8s de notre partenaire Stuart. Vous recevrez des SMS tout au long du processus de commande. Le livreur vous appelera une fois arriv\u00e9 \u00e0 votre domicile.<\/b><\/li>\n<li style=\"text-align: left;\"><b>La l<span style=\"text-decoration: underline;\">ivraison \u00e0 domicile est uniquement autoris\u00e9e dans la m\u00e9tropole de Lille<\/span>. <a href=\"#lille\"><span style=\"text-decoration: underline;\">(Voir la liste des communes desservies)<\/span><\/a><\/b><\/li>\n<\/ul>\n<p>[\/et_pb_text][et_pb_post_title meta=\u00a0\u00bboff\u00a0\u00bb featured_image=\u00a0\u00bboff\u00a0\u00bb _builder_version=\u00a0\u00bb4.23&Prime; title_text_align=\u00a0\u00bbcenter\u00a0\u00bb title_font_size=\u00a0\u00bb27px\u00a0\u00bb global_colors_info=\u00a0\u00bb{}\u00a0\u00bb][\/et_pb_post_title][et_pb_wc_cart_notice _builder_version=\u00a0\u00bb4.16&Prime; global_colors_info=\u00a0\u00bb{}\u00a0\u00bb][\/et_pb_wc_cart_notice][et_pb_wc_cart_products _builder_version=\u00a0\u00bb4.16&Prime; global_colors_info=\u00a0\u00bb{}\u00a0\u00bb][\/et_pb_wc_cart_products][\/et_pb_column][\/et_pb_row][et_pb_row column_structure=\u00a0\u00bb1_2,1_2&Prime; _builder_version=\u00a0\u00bb4.16&Prime; background_size=\u00a0\u00bbinitial\u00a0\u00bb background_position=\u00a0\u00bbtop_left\u00a0\u00bb background_repeat=\u00a0\u00bbrepeat\u00a0\u00bb custom_padding=\u00a0\u00bb||11px|||\u00a0\u00bb global_colors_info=\u00a0\u00bb{}\u00a0\u00bb][et_pb_column type=\u00a0\u00bb1_2&Prime; _builder_version=\u00a0\u00bb4.16&Prime; custom_padding=\u00a0\u00bb|||\u00a0\u00bb global_colors_info=\u00a0\u00bb{}\u00a0\u00bb custom_padding__hover=\u00a0\u00bb|||\u00a0\u00bb][et_pb_wc_cross_sells _builder_version=\u00a0\u00bb4.16&Prime; global_colors_info=\u00a0\u00bb{}\u00a0\u00bb][\/et_pb_wc_cross_sells][\/et_pb_column][et_pb_column type=\u00a0\u00bb1_2&Prime; _builder_version=\u00a0\u00bb4.16&Prime; custom_padding=\u00a0\u00bb|||\u00a0\u00bb global_colors_info=\u00a0\u00bb{}\u00a0\u00bb custom_padding__hover=\u00a0\u00bb|||\u00a0\u00bb][et_pb_wc_cart_totals _builder_version=\u00a0\u00bb4.16&Prime; global_colors_info=\u00a0\u00bb{}\u00a0\u00bb][\/et_pb_wc_cart_totals][\/et_pb_column][\/et_pb_row][et_pb_row module_id=\u00a0\u00bblille\u00a0\u00bb _builder_version=\u00a0\u00bb4.23&Prime; _module_preset=\u00a0\u00bbdefault\u00a0\u00bb global_colors_info=\u00a0\u00bb{}\u00a0\u00bb][et_pb_column type=\u00a0\u00bb4_4&Prime; _builder_version=\u00a0\u00bb4.23&Prime; _module_preset=\u00a0\u00bbdefault\u00a0\u00bb global_colors_info=\u00a0\u00bb{}\u00a0\u00bb][et_pb_text _builder_version=\u00a0\u00bb4.23&Prime; _module_preset=\u00a0\u00bbdefault\u00a0\u00bb text_font_size=\u00a0\u00bb20px\u00a0\u00bb text_line_height=\u00a0\u00bb1.2em\u00a0\u00bb header_2_font_size=\u00a0\u00bb27px\u00a0\u00bb header_3_font_size=\u00a0\u00bb26px\u00a0\u00bb width=\u00a0\u00bb80%\u00a0\u00bb module_alignment=\u00a0\u00bbcenter\u00a0\u00bb global_colors_info=\u00a0\u00bb{}\u00a0\u00bb]<\/p>\n<h3 style=\"text-align: center;\">Liste des communes desservies par la livraison \u00e0 domicile<\/h3>\n<p>[\/et_pb_text][\/et_pb_column][\/et_pb_row][et_pb_row column_structure=\u00a0\u00bb1_4,1_4,1_4,1_4&Prime; _builder_version=\u00a0\u00bb4.23&Prime; _module_preset=\u00a0\u00bbdefault\u00a0\u00bb custom_margin=\u00a0\u00bb-5px|auto||auto||\u00a0\u00bb global_colors_info=\u00a0\u00bb{}\u00a0\u00bb][et_pb_column type=\u00a0\u00bb1_4&Prime; _builder_version=\u00a0\u00bb4.23&Prime; _module_preset=\u00a0\u00bbdefault\u00a0\u00bb global_colors_info=\u00a0\u00bb{}\u00a0\u00bb][\/et_pb_column][et_pb_column type=\u00a0\u00bb1_4&Prime; _builder_version=\u00a0\u00bb4.23&Prime; _module_preset=\u00a0\u00bbdefault\u00a0\u00bb global_colors_info=\u00a0\u00bb{}\u00a0\u00bb][et_pb_text _builder_version=\u00a0\u00bb4.23&Prime; _module_preset=\u00a0\u00bbdefault\u00a0\u00bb hover_enabled=\u00a0\u00bb0&Prime; global_colors_info=\u00a0\u00bb{}\u00a0\u00bb sticky_enabled=\u00a0\u00bb0&Prime;]<\/p>\n<ul>\n<li>Villeneuve-d\u2019Ascq (59009)<\/li>\n<\/ul>\n<ul class=\"sommaire liste-disc\">\n<li class=\"lien-produit chevron\">Capinghem (59128)<\/li>\n<li class=\"lien-produit chevron\">Englos (59195)<\/li>\n<li class=\"lien-produit chevron\">Enneti\u00e8res-en-Weppes (59196)<\/li>\n<li class=\"lien-produit chevron\">Faches-Thumesnil (59220)<\/li>\n<li class=\"lien-produit chevron\">Lambersart (59328)<\/li>\n<li class=\"lien-produit chevron\">Lezennes (59346)<\/li>\n<li class=\"lien-produit chevron\">Lille (59350)<\/li>\n<\/ul>\n<p>[\/et_pb_text][\/et_pb_column][et_pb_column type=\u00a0\u00bb1_4&Prime; _builder_version=\u00a0\u00bb4.23&Prime; _module_preset=\u00a0\u00bbdefault\u00a0\u00bb global_colors_info=\u00a0\u00bb{}\u00a0\u00bb][et_pb_text _builder_version=\u00a0\u00bb4.23&Prime; _module_preset=\u00a0\u00bbdefault\u00a0\u00bb hover_enabled=\u00a0\u00bb0&Prime; global_colors_info=\u00a0\u00bb{}\u00a0\u00bb sticky_enabled=\u00a0\u00bb0&Prime;]<\/p>\n<ul>\n<li>Lompret (59356)<\/li>\n<\/ul>\n<ul class=\"sommaire liste-disc\">\n<li class=\"lien-produit chevron\">Loos (59360)<\/li>\n<li class=\"lien-produit chevron\">La Madeleine (59368)<\/li>\n<li class=\"lien-produit chevron\">Marcq-en-Bar\u0153ul (59378)<\/li>\n<li class=\"lien-produit chevron\">Mons-en-Bar\u0153ul (59410)<\/li>\n<li class=\"lien-produit chevron\">P\u00e9renchies (59457)<\/li>\n<li class=\"lien-produit chevron\">Pr\u00e9mesques (59470)<\/li>\n<li class=\"lien-produit chevron\">Ronchin (59507)<\/li>\n<li class=\"lien-produit chevron\">Saint-Andr\u00e9-lez-Lille (59527)<\/li>\n<li class=\"lien-produit chevron\">Wattignies (59648)<\/li>\n<\/ul>\n<p>[\/et_pb_text][\/et_pb_column][et_pb_column type=\u00a0\u00bb1_4&Prime; _builder_version=\u00a0\u00bb4.23&Prime; _module_preset=\u00a0\u00bbdefault\u00a0\u00bb global_colors_info=\u00a0\u00bb{}\u00a0\u00bb][\/et_pb_column][\/et_pb_row][\/et_pb_section]<\/p>\n","protected":false},"excerpt":{"rendered":"<p>Informations importantes \u2757\ufe0f Notre restaurant est ouvert du lundi au dimanche de 11h30 \u00e0 00h00. Aucune commande ne pourra \u00eatre honor\u00e9 en dehors de ces horaires. La livraison \u00e0 domicile s&rsquo;effectuera aupr\u00e8s de notre partenaire Stuart. Vous recevrez des SMS tout au long du processus de commande. Le livreur vous appelera une fois arriv\u00e9 \u00e0 [&hellip;]<\/p>\n","protected":false},"author":1,"featured_media":0,"parent":0,"menu_order":0,"comment_status":"closed","ping_status":"closed","template":"","meta":{"_seopress_robots_primary_cat":"","_seopress_titles_title":"","_seopress_titles_desc":"","_seopress_robots_index":"","_et_pb_use_builder":"on","_et_pb_old_content":"<!-- wp:shortcode -->[woocommerce_cart]<!-- \/wp:shortcode -->","_et_gb_content_width":"","footnotes":""},"class_list":["post-8","page","type-page","status-publish","hentry"],"_links":{"self":[{"href":"https:\/\/tribudelille.org\/celine-kebab\/wp-json\/wp\/v2\/pages\/8","targetHints":{"allow":["GET"]}}],"collection":[{"href":"https:\/\/tribudelille.org\/celine-kebab\/wp-json\/wp\/v2\/pages"}],"about":[{"href":"https:\/\/tribudelille.org\/celine-kebab\/wp-json\/wp\/v2\/types\/page"}],"author":[{"embeddable":true,"href":"https:\/\/tribudelille.org\/celine-kebab\/wp-json\/wp\/v2\/users\/1"}],"replies":[{"embeddable":true,"href":"https:\/\/tribudelille.org\/celine-kebab\/wp-json\/wp\/v2\/comments?post=8"}],"version-history":[{"count":3,"href":"https:\/\/tribudelille.org\/celine-kebab\/wp-json\/wp\/v2\/pages\/8\/revisions"}],"predecessor-version":[{"id":75,"href":"https:\/\/tribudelille.org\/celine-kebab\/wp-json\/wp\/v2\/pages\/8\/revisions\/75"}],"wp:attachment":[{"href":"https:\/\/tribudelille.org\/celine-kebab\/wp-json\/wp\/v2\/media?parent=8"}],"curies":[{"name":"wp","href":"https:\/\/api.w.org\/{rel}","templated":true}]}}