{"id":54,"date":"2023-11-14T11:57:06","date_gmt":"2023-11-14T10:57:06","guid":{"rendered":"https:\/\/tribudelille.org\/celine-kebab\/?post_type=product&#038;p=54"},"modified":"2023-11-14T11:57:36","modified_gmt":"2023-11-14T10:57:36","slug":"menu-assiette-garnie-%f0%9f%8d%bd%f0%9f%8d%9b","status":"publish","type":"product","link":"https:\/\/tribudelille.org\/celine-kebab\/produit\/menu-assiette-garnie-%f0%9f%8d%bd%f0%9f%8d%9b\/","title":{"rendered":"Menu Assiette garnie \ud83c\udf7d\ud83c\udf5b"},"content":{"rendered":"","protected":false},"excerpt":{"rendered":"<p style=\"text-align: center;\">On vous propose une \u261d\ufe0f assiette \ud83c\udf7d\ufe0f de frites fra\u00eeches accompagn\u00e9e de viande au choix, l\u00e9gumes \ud83e\udd52 \ud83c\udf3d \ud83e\udd55 frais, crudit\u00e9s et sauce au choix.<\/p>\n","protected":false},"featured_media":46,"comment_status":"open","ping_status":"closed","template":"","meta":{"_seopress_robots_primary_cat":"","_seopress_titles_title":"","_seopress_titles_desc":"","_seopress_robots_index":"","_et_pb_use_builder":"","_et_pb_old_content":"","_et_gb_content_width":""},"product_brand":[],"product_cat":[15],"product_tag":[],"class_list":{"0":"post-54","1":"product","2":"type-product","3":"status-publish","4":"has-post-thumbnail","6":"product_cat-menus-speciaux","8":"first","9":"instock","10":"shipping-taxable","11":"purchasable","12":"product-type-simple"},"_links":{"self":[{"href":"https:\/\/tribudelille.org\/celine-kebab\/wp-json\/wp\/v2\/product\/54","targetHints":{"allow":["GET"]}}],"collection":[{"href":"https:\/\/tribudelille.org\/celine-kebab\/wp-json\/wp\/v2\/product"}],"about":[{"href":"https:\/\/tribudelille.org\/celine-kebab\/wp-json\/wp\/v2\/types\/product"}],"replies":[{"embeddable":true,"href":"https:\/\/tribudelille.org\/celine-kebab\/wp-json\/wp\/v2\/comments?post=54"}],"wp:featuredmedia":[{"embeddable":true,"href":"https:\/\/tribudelille.org\/celine-kebab\/wp-json\/wp\/v2\/media\/46"}],"wp:attachment":[{"href":"https:\/\/tribudelille.org\/celine-kebab\/wp-json\/wp\/v2\/media?parent=54"}],"wp:term":[{"taxonomy":"product_brand","embeddable":true,"href":"https:\/\/tribudelille.org\/celine-kebab\/wp-json\/wp\/v2\/product_brand?post=54"},{"taxonomy":"product_cat","embeddable":true,"href":"https:\/\/tribudelille.org\/celine-kebab\/wp-json\/wp\/v2\/product_cat?post=54"},{"taxonomy":"product_tag","embeddable":true,"href":"https:\/\/tribudelille.org\/celine-kebab\/wp-json\/wp\/v2\/product_tag?post=54"}],"curies":[{"name":"wp","href":"https:\/\/api.w.org\/{rel}","templated":true}]}}